{"id":3956,"date":"2019-01-08T21:21:54","date_gmt":"2019-01-08T21:21:54","guid":{"rendered":"https:\/\/bedbythesea.com\/?page_id=3956"},"modified":"2024-04-30T14:16:19","modified_gmt":"2024-04-30T14:16:19","slug":"omgeving","status":"publish","type":"page","link":"https:\/\/bedbythesea.com\/de\/omgeving\/","title":{"rendered":"Umgebung"},"content":{"rendered":"<p>Walcheren hat viel zu bieten! G\u00f6nnen Sie sich frische Luft bei einem Strandspaziergang, einer Radtour an einem sonnigen Tag, einem sch\u00f6nen Mittagessen auf der Terrasse oder einfach beim Einkaufen. Entdecken Sie unten, welche Orte in der N\u00e4he liegen und einen Besuch wert sind.<\/p>\n<p>&nbsp;<\/p>\n<h3>Westkapelle<\/h3>\n<p><img loading=\"lazy\" decoding=\"async\" class=\"alignnone wp-image-4031\" src=\"https:\/\/bedbythesea.com\/wp-content\/uploads\/2019\/12\/westkapelle-1024x486.jpg\" alt=\"Westkapelle\" width=\"1000\" height=\"475\" srcset=\"https:\/\/bedbythesea.com\/wp-content\/uploads\/2019\/12\/westkapelle-1024x486.jpg 1024w, https:\/\/bedbythesea.com\/wp-content\/uploads\/2019\/12\/westkapelle-300x143.jpg 300w, https:\/\/bedbythesea.com\/wp-content\/uploads\/2019\/12\/westkapelle-768x365.jpg 768w, https:\/\/bedbythesea.com\/wp-content\/uploads\/2019\/12\/westkapelle-1536x730.jpg 1536w, https:\/\/bedbythesea.com\/wp-content\/uploads\/2019\/12\/westkapelle.jpg 2000w\" sizes=\"auto, (max-width: 1000px) 100vw, 1000px\" \/><\/p>\n<p>Westkapelle liegt am westlichsten Punkt von Walcheren und ist an seinem markanten Leuchtturm zu erkennen. Das robuste und stolze Arbeiterdorf war lange Zeit eine sehr geschlossene Gemeinschaft und wurde traditionell von Deicharbeitern bev\u00f6lkert. Westkapelle, hinter dem f\u00fcnf Jahrhunderte alten Westkapelle-Seedeich gelegen, hat eine sehr bewegte Geschichte. Aufgrund der Lage des Dorfes an der Spitze von Walcheren stellte das Meer hier regelm\u00e4\u00dfig eine Bedrohung dar. Heutzutage ist Westkapelle auch f\u00fcr den einzigartigen und zarten Zeeland-Schmuck bekannt, der dort hergestellt wird. In Westkapelle gibt es einen jahrhundertealten markanten Leuchtturm, der noch immer als Leuchtfeuer f\u00fcr die Schifffahrt dient. Der f\u00fcnfzig Meter hohe Leuchtturm ist nicht nur nachts ein Leuchtfeuer f\u00fcr die Seeschifffahrt; Das Licht des Leuchtturms ist von den meisten D\u00f6rfern auf Walcheren aus zu sehen. Heute kann der Leuchtturm bestiegen werden. Beim Besuch\u00a0<a href=\"http:\/\/www.vvvzeeland.nl\/nl\/vakantie\/musea\/24182\/polderhuis-dijk-en-oorlogsmuseum\/walcheren\/westkapelle#general\" target=\"_blank\" rel=\"noopener noreferrer\">Deich- und Kriegsmuseum Het Polderhuis<\/a>\u00a0Sie werden in die turbulente Geschichte von Westkapelle und Walcheren entf\u00fchrt. Genie\u00dfen Sie ein leckeres Bier auf einer gem\u00fctlichen Terrasse oder am Strand in einem Strandpavillon. Genie\u00dfen Sie die vielen regionalen Gerichte in einem attraktiven Restaurant. Die k\u00f6stlichen Zutaten kommen oft direkt vom Land oder dem Meer. Kommen Sie vorbei und lassen Sie Ihren Gaumen verw\u00f6hnen!<\/p>\n<h3><\/h3>\n<h3>Veere<\/h3>\n<p><img loading=\"lazy\" decoding=\"async\" class=\"alignnone size-full wp-image-4032\" src=\"https:\/\/bedbythesea.com\/wp-content\/uploads\/2019\/12\/veere.jpg\" alt=\"Veere\" width=\"1000\" height=\"500\" srcset=\"https:\/\/bedbythesea.com\/wp-content\/uploads\/2019\/12\/veere.jpg 1000w, https:\/\/bedbythesea.com\/wp-content\/uploads\/2019\/12\/veere-300x150.jpg 300w, https:\/\/bedbythesea.com\/wp-content\/uploads\/2019\/12\/veere-768x384.jpg 768w\" sizes=\"auto, (max-width: 1000px) 100vw, 1000px\" \/><\/p>\n<p>Veere ist eine wundersch\u00f6ne Stadt am Veerse Meer. Die Lagerh\u00e4user und alten Stra\u00dfen, in denen Sie herumschlendern k\u00f6nnen, erinnern noch immer an die glorreichen Tage dieser Stadt. In Veere finden Sie viele authentische Gesch\u00e4fte, verschiedene Bekleidungsgesch\u00e4fte sowie Geschenk- und Souvenirl\u00e4den. Die Gesch\u00e4fte in Veere sind auch sonntags ge\u00f6ffnet. Eine Reihe besonderer Geb\u00e4ude wie der Campveerse-Turm, die schottischen H\u00e4user und das Rathaus. sind auf jeden Fall einen Blick wert. Auch die beeindruckende Kirche auf der S\u00fcdostseite von Veere ist nicht zu \u00fcbersehen. Die Kirche ist seit jeher ein Gotteshaus, ein Milit\u00e4rkrankenhaus, ein Armenhaus und ein Kulturzentrum. Genie\u00dfen Sie ein k\u00f6stliches Bier auf einer gem\u00fctlichen Terrasse oder am Veerse Meer. Genie\u00dfen Sie die vielen regionalen Gerichte in einem attraktiven Restaurant. Die k\u00f6stlichen Zutaten kommen oft direkt vom Land oder dem Meer. Kommen Sie vorbei und lassen Sie Ihren Gaumen verw\u00f6hnen! Der Radweg \u201eRund um das Veerse Meer\u201c f\u00fchrt Sie an den sch\u00f6nsten Orten rund um den See vorbei.<\/p>\n<h3><\/h3>\n<h3>Middelburg<\/h3>\n<p>&nbsp;<\/p>\n<p><img loading=\"lazy\" decoding=\"async\" class=\"alignnone size-full wp-image-4034\" src=\"https:\/\/bedbythesea.com\/wp-content\/uploads\/2019\/12\/middelburg.jpg\" alt=\"Middelburg\" width=\"1000\" height=\"500\" srcset=\"https:\/\/bedbythesea.com\/wp-content\/uploads\/2019\/12\/middelburg.jpg 1000w, https:\/\/bedbythesea.com\/wp-content\/uploads\/2019\/12\/middelburg-300x150.jpg 300w, https:\/\/bedbythesea.com\/wp-content\/uploads\/2019\/12\/middelburg-768x384.jpg 768w\" sizes=\"auto, (max-width: 1000px) 100vw, 1000px\" \/><\/p>\n<p>Die Hauptstadt Zeelands hat eine reiche Vergangenheit, die noch immer sichtbar ist. Middelburg wurde im 9. gegr\u00fcndet<sup>e<\/sup>\u00a0Jahrhundert, als die Wikinger nach Europa kamen. Zur Zeit der VOC war Middelburg nach Amsterdam die wichtigste Stadt der Niederlande. In 200 Jahren wurden auf den Werften mehr als 300 neue Schiffe gebaut. Diese Schiffe fuhren nach Asien, um dort unter anderem mit Gew\u00fcrzen, Textilien und Porzellan zu handeln. Im Zentrum von Middelburg k\u00f6nnen Sie noch immer Geb\u00e4ude sehen, die an diese goldene Zeit erinnern. Middelburg ist wirklich eine Stadt mit eigenem Charakter. Es gibt gem\u00fctliche Pl\u00e4tze, sch\u00f6ne Stra\u00dfen, gem\u00fctliche Caf\u00e9s und neben den gro\u00dfen Einzelhandelsketten finden Sie auch besondere Boutiquen, Galerien und Kunsth\u00e4ndler. Die Abteianlage liegt mitten in der Stadt und besteht aus einem mehr oder weniger kreisf\u00f6rmigen Geb\u00e4ude mit vier gro\u00dfen und einem kleinen Turm und verschiedenen Toren sowie einem Platz in der Mitte, dem Abteiplatz, mit gro\u00dfen B\u00e4umen. Jedes Jahr finden hier viele Festivals statt. Das alte Rathaus von Middelburg befindet sich am Markt in Middelburg. Es ist das zweitsch\u00f6nste Geb\u00e4ude der Niederlande und einer der drei T\u00fcrme des Abteikomplexes. Der Turm ist 90 Meter hoch und hat 207 Stufen. An klaren Tagen haben Sie eine sch\u00f6ne Aussicht auf Walcheren. In den Sommermonaten t\u00e4glich ge\u00f6ffnet. Die Kuiperspoort ist eine gut versteckte und malerische Stra\u00dfe mit alten Lagerh\u00e4usern, restaurierten H\u00e4usern, Treppengiebeln und sch\u00f6nen Details. Im 17. Jahrhundert wurde hier die Kuipersgilde gegr\u00fcndet, die F\u00e4sser und Bottiche herstellte. Die Oostkerk. Diese achteckige Kuppelkirche ist reich verziert. Die Themen Tod und Leben spiegeln sich in den Dekorationen wider. Knochen und Sch\u00e4del verweisen auf den Tod, Blumen und Fr\u00fcchte auf das Leben.<\/p>\n<h3><\/h3>\n<h3>Domburg<\/h3>\n<p><img loading=\"lazy\" decoding=\"async\" class=\"alignnone size-full wp-image-4035\" src=\"https:\/\/bedbythesea.com\/wp-content\/uploads\/2019\/12\/domburg.jpg\" alt=\"Domburg\" width=\"1000\" height=\"500\" srcset=\"https:\/\/bedbythesea.com\/wp-content\/uploads\/2019\/12\/domburg.jpg 1000w, https:\/\/bedbythesea.com\/wp-content\/uploads\/2019\/12\/domburg-300x150.jpg 300w, https:\/\/bedbythesea.com\/wp-content\/uploads\/2019\/12\/domburg-768x384.jpg 768w\" sizes=\"auto, (max-width: 1000px) 100vw, 1000px\" \/><\/p>\n<p>Die Stadt Domburg ist der \u00e4lteste Badeort an der K\u00fcste von Walcheren. Zu Beginn des 20. Jahrhunderts kamen viele K\u00fcnstler nach Domburg, um sich inspirieren zu lassen. Piet Mondriaan und Jan Toorop sind die bekanntesten. Das Zentrum verf\u00fcgt \u00fcber viele gem\u00fctliche Terrassen, Restaurants und Gesch\u00e4fte. Diese Gesch\u00e4fte sind das ganze Jahr \u00fcber sieben Tage die Woche ge\u00f6ffnet. Ein Besuch in Domburg lohnt sich auf jeden Fall.<\/p>\n<h3><\/h3>\n<h3>Vlissingen<\/h3>\n<p><img loading=\"lazy\" decoding=\"async\" class=\"alignnone size-full wp-image-4036\" src=\"https:\/\/bedbythesea.com\/wp-content\/uploads\/2019\/12\/vlissingen.jpg\" alt=\"Vlissingen\" width=\"1000\" height=\"500\" srcset=\"https:\/\/bedbythesea.com\/wp-content\/uploads\/2019\/12\/vlissingen.jpg 1000w, https:\/\/bedbythesea.com\/wp-content\/uploads\/2019\/12\/vlissingen-300x150.jpg 300w, https:\/\/bedbythesea.com\/wp-content\/uploads\/2019\/12\/vlissingen-768x384.jpg 768w\" sizes=\"auto, (max-width: 1000px) 100vw, 1000px\" \/><\/p>\n<p>Vlissingen liegt am Ufer der Westerschelde, einer Stadt mit maritimer Vergangenheit und Gegenwart. Besuchen Sie Vlissingen und schnuppern Sie frische Luft auf dem l\u00e4ngsten Seeboulevard der Niederlande, wo Sie die vorbeifahrenden Schiffe fast ber\u00fchren k\u00f6nnen!<\/p>\n<p>Auf dem Boulevard gibt es viel zu unternehmen. Auf der einen Seite des Boulevards stehen Sie dem Marinehelden Michiel de Ruijter gegen\u00fcber, auf der anderen Seite h\u00f6ren Sie die Kl\u00e4nge der Windorgel. In der Mitte sorgen Terrassen und Restaurants f\u00fcr die n\u00f6tige Entspannung. Um Vlissingen und die maritime Geschichte Zeelands besser kennenzulernen, empfiehlt sich ein Besuch im MuZEEum. Das MuZEEum befindet sich unter anderem im Lampsinshuis. Der Aussichtsturm ist einzigartig im Lampsinshuis. Im 17. Jahrhundert sah der Reeder Cornelis Lampsins, wie seine Schiffe hier ein- und ausliefen. Jetzt k\u00f6nnen Sie noch einen sch\u00f6nen Blick auf das Meer genie\u00dfen.<\/p>\n<p class=\"last\">Auch vom Kr\u00e4hennest, Teil des Arsenals, hat man einen sch\u00f6nen Blick auf das Meer. Dieses maritime Attraktionszentrum ist ganz den Piraten und Meeresbewohnern gewidmet. Ideal f\u00fcr einen Tagesausflug mit der Familie.<\/p>","protected":false},"excerpt":{"rendered":"<p>Walcheren heeft veel te bieden! Even uitwaaien tijdens een strandwandeling, een fietstocht op een zonnige dag, een lekkere lunch op het terras of gewoon even shoppen. Ontdek hieronder welke plaatsen er in de buurt liggen en een bezoekje waard zijn. &nbsp; Westkapelle Westkapelle ligt op de meest westelijke punt van Walcheren en is herkenbaar aan [&hellip;]<\/p>\n","protected":false},"author":4,"featured_media":0,"parent":0,"menu_order":0,"comment_status":"closed","ping_status":"closed","template":"","meta":{"inline_featured_image":false,"footnotes":""},"class_list":["post-3956","page","type-page","status-publish","hentry"],"blocksy_meta":{"has_hero_section":"enabled","hero_elements":[{"id":"custom_title","enabled":true,"heading_tag":"h1","title":"Home","__id":"cSLwwMZwt5Sz9EjYYdM1K"},{"id":"custom_description","enabled":false,"description_visibility":{"desktop":true,"tablet":true,"mobile":false},"__id":"yNTx84lwJB9M5CGn9JREO"},{"id":"custom_meta","enabled":false,"meta_elements":[{"id":"author","enabled":true,"label":"Door","has_author_avatar":"yes","avatar_size":25},{"id":"post_date","enabled":true,"label":"Op","date_format_source":"default","date_format":"M j, Y"},{"id":"updated_date","enabled":false,"label":"Op","date_format_source":"default","date_format":"M j, Y"},{"id":"categories","enabled":false,"label":"In","style":"simple"},{"id":"comments","enabled":true}],"page_meta_elements":{"joined":true,"articles_count":true,"comments":true},"__id":"xTlUegzHdF21WXe96xvOc"},{"id":"breadcrumbs","enabled":false,"__id":"5YXDl2bZMbDltEwTRe0Rr"},{"id":"content-block","enabled":false,"__id":"L7-cm5oIrvaUj-41Vm1DQ"}],"styles_descriptor":{"styles":{"desktop":"[data-prefix=\"single_page\"] .entry-header .page-title {--theme-font-size:30px;} [data-prefix=\"single_page\"] .entry-header .entry-meta {--theme-font-weight:600;--theme-text-transform:uppercase;--theme-font-size:12px;--theme-line-height:1.3;}","tablet":"","mobile":""},"google_fonts":{"Mulish":["n4","n6"]},"version":6}},"featured_image_urls":{"full":"","thumbnail":"","medium":"","medium_large":"","large":"","1536x1536":"","2048x2048":"","trp-custom-language-flag":""},"post_excerpt_stackable":"<p>Walcheren heeft veel te bieden! Even uitwaaien tijdens een strandwandeling, een fietstocht op een zonnige dag, een lekkere lunch op het terras of gewoon even shoppen. Ontdek hieronder welke plaatsen er in de buurt liggen en een bezoekje waard zijn. &nbsp; Westkapelle Westkapelle ligt op de meest westelijke punt van Walcheren en is herkenbaar aan zijn markante vuurtoren. Het stoere en trotse arbeidersdorp is lange tijd een erg besloten gemeenschap geweest en werd van oudsher bevolkt door dijkwerkers. Westkapelle, gelegen achter de vijf eeuwen oude Westkapelse zeedijk, heeft een zeer bewogen historie. Door de ligging van het dorp op de&hellip;<\/p>\n","category_list":"","author_info":{"name":"esade","url":"https:\/\/bedbythesea.com\/de\/author\/esade\/"},"comments_num":"0 comments","yoast_head":"<!-- This site is optimized with the Yoast SEO plugin v27.0 - https:\/\/yoast.com\/product\/yoast-seo-wordpress\/ -->\n<title>Omgeving - Bed by the Sea<\/title>\n<meta name=\"robots\" content=\"index, follow, max-snippet:-1, max-image-preview:large, max-video-preview:-1\" \/>\n<link rel=\"canonical\" href=\"https:\/\/bedbythesea.com\/de\/omgeving\/\" \/>\n<meta property=\"og:locale\" content=\"de_DE\" \/>\n<meta property=\"og:type\" content=\"article\" \/>\n<meta property=\"og:title\" content=\"Omgeving - Bed by the Sea\" \/>\n<meta property=\"og:description\" content=\"Walcheren heeft veel te bieden! Even uitwaaien tijdens een strandwandeling, een fietstocht op een zonnige dag, een lekkere lunch op het terras of gewoon even shoppen. Ontdek hieronder welke plaatsen er in de buurt liggen en een bezoekje waard zijn. &nbsp; Westkapelle Westkapelle ligt op de meest westelijke punt van Walcheren en is herkenbaar aan [&hellip;]\" \/>\n<meta property=\"og:url\" content=\"https:\/\/bedbythesea.com\/de\/omgeving\/\" \/>\n<meta property=\"og:site_name\" content=\"Bed by the Sea\" \/>\n<meta property=\"article:modified_time\" content=\"2024-04-30T14:16:19+00:00\" \/>\n<meta property=\"og:image\" content=\"https:\/\/bedbythesea.com\/wp-content\/uploads\/2019\/12\/westkapelle-1024x486.jpg\" \/>\n<meta name=\"twitter:card\" content=\"summary_large_image\" \/>\n<meta name=\"twitter:label1\" content=\"Gesch\u00e4tzte Lesezeit\" \/>\n\t<meta name=\"twitter:data1\" content=\"6\u00a0Minuten\" \/>\n<script type=\"application\/ld+json\" class=\"yoast-schema-graph\">{\"@context\":\"https:\/\/schema.org\",\"@graph\":[{\"@type\":\"WebPage\",\"@id\":\"https:\/\/bedbythesea.com\/omgeving\/\",\"url\":\"https:\/\/bedbythesea.com\/omgeving\/\",\"name\":\"Omgeving - Bed by the Sea\",\"isPartOf\":{\"@id\":\"https:\/\/bedbythesea.com\/#website\"},\"primaryImageOfPage\":{\"@id\":\"https:\/\/bedbythesea.com\/omgeving\/#primaryimage\"},\"image\":{\"@id\":\"https:\/\/bedbythesea.com\/omgeving\/#primaryimage\"},\"thumbnailUrl\":\"https:\/\/bedbythesea.com\/wp-content\/uploads\/2019\/12\/westkapelle-1024x486.jpg\",\"datePublished\":\"2019-01-08T21:21:54+00:00\",\"dateModified\":\"2024-04-30T14:16:19+00:00\",\"breadcrumb\":{\"@id\":\"https:\/\/bedbythesea.com\/omgeving\/#breadcrumb\"},\"inLanguage\":\"de\",\"potentialAction\":[{\"@type\":\"ReadAction\",\"target\":[\"https:\/\/bedbythesea.com\/omgeving\/\"]}]},{\"@type\":\"ImageObject\",\"inLanguage\":\"de\",\"@id\":\"https:\/\/bedbythesea.com\/omgeving\/#primaryimage\",\"url\":\"https:\/\/bedbythesea.com\/wp-content\/uploads\/2019\/12\/westkapelle-1024x486.jpg\",\"contentUrl\":\"https:\/\/bedbythesea.com\/wp-content\/uploads\/2019\/12\/westkapelle-1024x486.jpg\"},{\"@type\":\"BreadcrumbList\",\"@id\":\"https:\/\/bedbythesea.com\/omgeving\/#breadcrumb\",\"itemListElement\":[{\"@type\":\"ListItem\",\"position\":1,\"name\":\"Home\",\"item\":\"https:\/\/bedbythesea.com\/\"},{\"@type\":\"ListItem\",\"position\":2,\"name\":\"Omgeving\"}]},{\"@type\":\"WebSite\",\"@id\":\"https:\/\/bedbythesea.com\/#website\",\"url\":\"https:\/\/bedbythesea.com\/\",\"name\":\"Bed by the Sea\",\"description\":\"Vakantie accommodaties Zeeland\",\"publisher\":{\"@id\":\"https:\/\/bedbythesea.com\/#organization\"},\"potentialAction\":[{\"@type\":\"SearchAction\",\"target\":{\"@type\":\"EntryPoint\",\"urlTemplate\":\"https:\/\/bedbythesea.com\/?s={search_term_string}\"},\"query-input\":{\"@type\":\"PropertyValueSpecification\",\"valueRequired\":true,\"valueName\":\"search_term_string\"}}],\"inLanguage\":\"de\"},{\"@type\":\"Organization\",\"@id\":\"https:\/\/bedbythesea.com\/#organization\",\"name\":\"Bed by the Sea\",\"url\":\"https:\/\/bedbythesea.com\/\",\"logo\":{\"@type\":\"ImageObject\",\"inLanguage\":\"de\",\"@id\":\"https:\/\/bedbythesea.com\/#\/schema\/logo\/image\/\",\"url\":\"\",\"contentUrl\":\"\",\"caption\":\"Bed by the Sea\"},\"image\":{\"@id\":\"https:\/\/bedbythesea.com\/#\/schema\/logo\/image\/\"}}]}<\/script>\n<!-- \/ Yoast SEO plugin. -->","yoast_head_json":{"title":"Omgeving - Bed by the Sea","robots":{"index":"index","follow":"follow","max-snippet":"max-snippet:-1","max-image-preview":"max-image-preview:large","max-video-preview":"max-video-preview:-1"},"canonical":"https:\/\/bedbythesea.com\/de\/omgeving\/","og_locale":"de_DE","og_type":"article","og_title":"Omgeving - Bed by the Sea","og_description":"Walcheren heeft veel te bieden! Even uitwaaien tijdens een strandwandeling, een fietstocht op een zonnige dag, een lekkere lunch op het terras of gewoon even shoppen. Ontdek hieronder welke plaatsen er in de buurt liggen en een bezoekje waard zijn. &nbsp; Westkapelle Westkapelle ligt op de meest westelijke punt van Walcheren en is herkenbaar aan [&hellip;]","og_url":"https:\/\/bedbythesea.com\/de\/omgeving\/","og_site_name":"Bed by the Sea","article_modified_time":"2024-04-30T14:16:19+00:00","og_image":[{"url":"https:\/\/bedbythesea.com\/wp-content\/uploads\/2019\/12\/westkapelle-1024x486.jpg","type":"","width":"","height":""}],"twitter_card":"summary_large_image","twitter_misc":{"Gesch\u00e4tzte Lesezeit":"6\u00a0Minuten"},"schema":{"@context":"https:\/\/schema.org","@graph":[{"@type":"WebPage","@id":"https:\/\/bedbythesea.com\/omgeving\/","url":"https:\/\/bedbythesea.com\/omgeving\/","name":"Omgeving - Bed by the Sea","isPartOf":{"@id":"https:\/\/bedbythesea.com\/#website"},"primaryImageOfPage":{"@id":"https:\/\/bedbythesea.com\/omgeving\/#primaryimage"},"image":{"@id":"https:\/\/bedbythesea.com\/omgeving\/#primaryimage"},"thumbnailUrl":"https:\/\/bedbythesea.com\/wp-content\/uploads\/2019\/12\/westkapelle-1024x486.jpg","datePublished":"2019-01-08T21:21:54+00:00","dateModified":"2024-04-30T14:16:19+00:00","breadcrumb":{"@id":"https:\/\/bedbythesea.com\/omgeving\/#breadcrumb"},"inLanguage":"de","potentialAction":[{"@type":"ReadAction","target":["https:\/\/bedbythesea.com\/omgeving\/"]}]},{"@type":"ImageObject","inLanguage":"de","@id":"https:\/\/bedbythesea.com\/omgeving\/#primaryimage","url":"https:\/\/bedbythesea.com\/wp-content\/uploads\/2019\/12\/westkapelle-1024x486.jpg","contentUrl":"https:\/\/bedbythesea.com\/wp-content\/uploads\/2019\/12\/westkapelle-1024x486.jpg"},{"@type":"BreadcrumbList","@id":"https:\/\/bedbythesea.com\/omgeving\/#breadcrumb","itemListElement":[{"@type":"ListItem","position":1,"name":"Home","item":"https:\/\/bedbythesea.com\/"},{"@type":"ListItem","position":2,"name":"Omgeving"}]},{"@type":"WebSite","@id":"https:\/\/bedbythesea.com\/#website","url":"https:\/\/bedbythesea.com\/","name":"Bed by the Sea","description":"Ferienunterk\u00fcnfte Zeeland","publisher":{"@id":"https:\/\/bedbythesea.com\/#organization"},"potentialAction":[{"@type":"SearchAction","target":{"@type":"EntryPoint","urlTemplate":"https:\/\/bedbythesea.com\/?s={search_term_string}"},"query-input":{"@type":"PropertyValueSpecification","valueRequired":true,"valueName":"search_term_string"}}],"inLanguage":"de"},{"@type":"Organization","@id":"https:\/\/bedbythesea.com\/#organization","name":"Bed by the Sea","url":"https:\/\/bedbythesea.com\/","logo":{"@type":"ImageObject","inLanguage":"de","@id":"https:\/\/bedbythesea.com\/#\/schema\/logo\/image\/","url":"","contentUrl":"","caption":"Bed by the Sea"},"image":{"@id":"https:\/\/bedbythesea.com\/#\/schema\/logo\/image\/"}}]}},"_links":{"self":[{"href":"https:\/\/bedbythesea.com\/de\/wp-json\/wp\/v2\/pages\/3956","targetHints":{"allow":["GET"]}}],"collection":[{"href":"https:\/\/bedbythesea.com\/de\/wp-json\/wp\/v2\/pages"}],"about":[{"href":"https:\/\/bedbythesea.com\/de\/wp-json\/wp\/v2\/types\/page"}],"author":[{"embeddable":true,"href":"https:\/\/bedbythesea.com\/de\/wp-json\/wp\/v2\/users\/4"}],"replies":[{"embeddable":true,"href":"https:\/\/bedbythesea.com\/de\/wp-json\/wp\/v2\/comments?post=3956"}],"version-history":[{"count":10,"href":"https:\/\/bedbythesea.com\/de\/wp-json\/wp\/v2\/pages\/3956\/revisions"}],"predecessor-version":[{"id":4324,"href":"https:\/\/bedbythesea.com\/de\/wp-json\/wp\/v2\/pages\/3956\/revisions\/4324"}],"wp:attachment":[{"href":"https:\/\/bedbythesea.com\/de\/wp-json\/wp\/v2\/media?parent=3956"}],"curies":[{"name":"wp","href":"https:\/\/api.w.org\/{rel}","templated":true}]}}