{"id":155,"date":"2015-07-23T23:26:14","date_gmt":"2015-07-23T23:26:14","guid":{"rendered":"http:\/\/inspirythemesdemo.com\/realplaces\/?page_id=155"},"modified":"2024-04-30T14:17:13","modified_gmt":"2024-04-30T14:17:13","slug":"contact","status":"publish","type":"page","link":"https:\/\/bedbythesea.com\/de\/contact\/","title":{"rendered":"Kontakt"},"content":{"rendered":"<div class=\"col-md-5 col-left-side contact-details\">\n<div class=\"address-wrapper\">\n<h3><\/h3>\n<h3><\/h3>\n<h3 class=\"list-title\">Adresse<\/h3>\n<p>Markt 86 4361AG Westkapelle<\/p><\/div>\n<div class=\"row\">\n<div class=\"col-sm-5\">\n<h3 class=\"list-title\">\u00d6ffnungszeiten<\/h3>\n<p>Ge\u00f6ffnet w\u00e4hrend der Schulferien und w\u00e4hrend der gesamten Hochsaison<\/p>\n<\/div>\n<\/div>\n<\/div>\n<div class=\"col-md-7 col-right-side contact-form-wrapper\">\n<section id=\"contact-form-section\">\n<h3 class=\"contact-form-heading\">Schick uns eine Nachricht<\/h3>\n<\/section>\n\n<div class=\"wpcf7 no-js\" id=\"wpcf7-f4126-o1\" lang=\"nl-NL\" dir=\"ltr\" data-wpcf7-id=\"4126\">\n<div class=\"screen-reader-response\"><p role=\"status\" aria-live=\"polite\" aria-atomic=\"true\"><\/p> <ul><\/ul><\/div>\n<form action=\"\/de\/wp-json\/wp\/v2\/pages\/155#wpcf7-f4126-o1\" method=\"post\" class=\"wpcf7-form init\" aria-label=\"Contactformulier\" novalidate=\"novalidate\" data-status=\"init\" data-trp-original-action=\"\/de\/wp-json\/wp\/v2\/pages\/155#wpcf7-f4126-o1\">\n<fieldset class=\"hidden-fields-container\"><input type=\"hidden\" name=\"_wpcf7\" value=\"4126\" \/><input type=\"hidden\" name=\"_wpcf7_version\" value=\"6.1.5\" \/><input type=\"hidden\" name=\"_wpcf7_locale\" value=\"nl_NL\" \/><input type=\"hidden\" name=\"_wpcf7_unit_tag\" value=\"wpcf7-f4126-o1\" \/><input type=\"hidden\" name=\"_wpcf7_container_post\" value=\"0\" \/><input type=\"hidden\" name=\"_wpcf7_posted_data_hash\" value=\"\" \/><input type=\"hidden\" name=\"_wpcf7_recaptcha_response\" value=\"\" \/>\n<\/fieldset>\n<p><span class=\"wpcf7-form-control-wrap\" data-name=\"your-name\"><input size=\"40\" maxlength=\"400\" class=\"wpcf7-form-control wpcf7-text wpcf7-validates-as-required\" aria-required=\"true\" aria-invalid=\"false\" placeholder=\"Ihr Name\" value=\"\" type=\"text\" name=\"your-name\" \/><\/span>\n<\/p>\n<p><span class=\"wpcf7-form-control-wrap\" data-name=\"your-email\"><input size=\"40\" maxlength=\"400\" class=\"wpcf7-form-control wpcf7-email wpcf7-validates-as-required wpcf7-text wpcf7-validates-as-email\" aria-required=\"true\" aria-invalid=\"false\" placeholder=\"Ihre E-Mail-Adresse\" value=\"\" type=\"email\" name=\"your-email\" \/><\/span>\n<\/p>\n<p><span class=\"wpcf7-form-control-wrap\" data-name=\"your-subject\"><input size=\"40\" maxlength=\"400\" class=\"wpcf7-form-control wpcf7-text\" aria-invalid=\"false\" placeholder=\"Ihre Nummer\" value=\"\" type=\"text\" name=\"your-subject\" \/><\/span>\n<\/p>\n<p><span class=\"wpcf7-form-control-wrap\" data-name=\"your-message\"><textarea cols=\"40\" rows=\"10\" maxlength=\"2000\" class=\"wpcf7-form-control wpcf7-textarea\" aria-invalid=\"false\" placeholder=\"Ihre Nachricht\" name=\"your-message\"><\/textarea><\/span>\n<\/p>\n<p><input class=\"wpcf7-form-control wpcf7-submit has-spinner\" type=\"submit\" value=\"Schicken\" \/>\n<\/p>\n<p><span id=\"wpcf7-69d11252d483d-wrapper\" class=\"wpcf7-form-control-wrap important-219-wrap\" style=\"display:none !important; visibility:hidden !important;\"><label for=\"wpcf7-69d11252d483d-field\" class=\"hp-message\">Gelieve dit veld leeg te laten.<\/label><input id=\"wpcf7-69d11252d483d-field\"  class=\"wpcf7-form-control wpcf7-text\" type=\"text\" name=\"important-219\" value=\"\" size=\"40\" tabindex=\"-1\" autocomplete=\"new-password\" \/><\/span>\n<\/p>\n<style>\n.wpcf7-text {\nwidth: 100%;\n}\n#comments {\ndisplay: none;\n}\n.wpcf7 form .wpcf7-response-output {\nborder: none !important;\ncolor: #fff !important;\n}\n<\/style><div class=\"wpcf7-response-output\" aria-hidden=\"true\"><\/div>\n<input type=\"hidden\" name=\"trp-form-language\" value=\"de\"\/><\/form>\n<\/div>\n<\/div>","protected":false},"excerpt":{"rendered":"<p>Adres Markt 86 4361AG Westkapelle Openingstijden Geopend tijdens schoolvakanties en het hele hoogseizoen Stuur ons een bericht<\/p>","protected":false},"author":4,"featured_media":0,"parent":0,"menu_order":0,"comment_status":"open","ping_status":"open","template":"","meta":{"inline_featured_image":false,"footnotes":""},"class_list":["post-155","page","type-page","status-publish","hentry"],"blocksy_meta":{"has_hero_section":"enabled","hero_elements":[{"id":"custom_title","enabled":true,"heading_tag":"h1","title":"Home","__id":"5y_uU4HvCcaaJlXrbSRV3"},{"id":"custom_description","enabled":false,"description_visibility":{"desktop":true,"tablet":true,"mobile":false},"__id":"rbwzcF-plHBI93I0J78Kp"},{"id":"custom_meta","enabled":false,"meta_elements":[{"id":"author","enabled":true,"label":"Door","has_author_avatar":"yes","avatar_size":25},{"id":"post_date","enabled":true,"label":"Op","date_format_source":"default","date_format":"M j, Y"},{"id":"updated_date","enabled":false,"label":"Op","date_format_source":"default","date_format":"M j, Y"},{"id":"categories","enabled":false,"label":"In","style":"simple"},{"id":"comments","enabled":true}],"page_meta_elements":{"joined":true,"articles_count":true,"comments":true},"__id":"deRywfmcnwQgPyX1GGVzU"},{"id":"breadcrumbs","enabled":false,"__id":"kOrWm3FuL3uqa_kUjXmDA"},{"id":"content-block","enabled":false,"__id":"jZggXpNJSOcV8ceJqAaYt"}],"styles_descriptor":{"styles":{"desktop":"[data-prefix=\"single_page\"] .entry-header .page-title {--theme-font-size:30px;} [data-prefix=\"single_page\"] .entry-header .entry-meta {--theme-font-weight:600;--theme-text-transform:uppercase;--theme-font-size:12px;--theme-line-height:1.3;}","tablet":"","mobile":""},"google_fonts":{"Mulish":["n4","n6"]},"version":6}},"featured_image_urls":{"full":"","thumbnail":"","medium":"","medium_large":"","large":"","1536x1536":"","2048x2048":"","trp-custom-language-flag":""},"post_excerpt_stackable":"<p>Adres Markt 86 4361AG Westkapelle Openingstijden Geopend tijdens schoolvakanties en het hele hoogseizoen Stuur ons een bericht Gelieve dit veld leeg te laten.<\/p>\n","category_list":"","author_info":{"name":"esade","url":"https:\/\/bedbythesea.com\/de\/author\/esade\/"},"comments_num":"0 comments","yoast_head":"<!-- This site is optimized with the Yoast SEO plugin v27.0 - https:\/\/yoast.com\/product\/yoast-seo-wordpress\/ -->\n<title>Contact - Bed by the Sea<\/title>\n<meta name=\"robots\" content=\"index, follow, max-snippet:-1, max-image-preview:large, max-video-preview:-1\" \/>\n<link rel=\"canonical\" href=\"https:\/\/bedbythesea.com\/de\/contact\/\" \/>\n<meta property=\"og:locale\" content=\"de_DE\" \/>\n<meta property=\"og:type\" content=\"article\" \/>\n<meta property=\"og:title\" content=\"Contact - Bed by the Sea\" \/>\n<meta property=\"og:description\" content=\"Adres Markt 86 4361AG Westkapelle Openingstijden Geopend tijdens schoolvakanties en het hele hoogseizoen Stuur ons een bericht\" \/>\n<meta property=\"og:url\" content=\"https:\/\/bedbythesea.com\/de\/contact\/\" \/>\n<meta property=\"og:site_name\" content=\"Bed by the Sea\" \/>\n<meta property=\"article:modified_time\" content=\"2024-04-30T14:17:13+00:00\" \/>\n<meta property=\"og:image\" content=\"https:\/\/bedbythesea.com\/wp-content\/uploads\/2024\/03\/logo.png\" \/>\n\t<meta property=\"og:image:width\" content=\"582\" \/>\n\t<meta property=\"og:image:height\" content=\"154\" \/>\n\t<meta property=\"og:image:type\" content=\"image\/png\" \/>\n<meta name=\"twitter:card\" content=\"summary_large_image\" \/>\n<meta name=\"twitter:label1\" content=\"Gesch\u00e4tzte Lesezeit\" \/>\n\t<meta name=\"twitter:data1\" content=\"1\u00a0Minute\" \/>\n<script type=\"application\/ld+json\" class=\"yoast-schema-graph\">{\"@context\":\"https:\/\/schema.org\",\"@graph\":[{\"@type\":\"WebPage\",\"@id\":\"https:\/\/bedbythesea.com\/contact\/\",\"url\":\"https:\/\/bedbythesea.com\/contact\/\",\"name\":\"Contact - Bed by the Sea\",\"isPartOf\":{\"@id\":\"https:\/\/bedbythesea.com\/#website\"},\"datePublished\":\"2015-07-23T23:26:14+00:00\",\"dateModified\":\"2024-04-30T14:17:13+00:00\",\"breadcrumb\":{\"@id\":\"https:\/\/bedbythesea.com\/contact\/#breadcrumb\"},\"inLanguage\":\"de\",\"potentialAction\":[{\"@type\":\"ReadAction\",\"target\":[\"https:\/\/bedbythesea.com\/contact\/\"]}]},{\"@type\":\"BreadcrumbList\",\"@id\":\"https:\/\/bedbythesea.com\/contact\/#breadcrumb\",\"itemListElement\":[{\"@type\":\"ListItem\",\"position\":1,\"name\":\"Home\",\"item\":\"https:\/\/bedbythesea.com\/\"},{\"@type\":\"ListItem\",\"position\":2,\"name\":\"Contact\"}]},{\"@type\":\"WebSite\",\"@id\":\"https:\/\/bedbythesea.com\/#website\",\"url\":\"https:\/\/bedbythesea.com\/\",\"name\":\"Bed by the Sea\",\"description\":\"Vakantie accommodaties Zeeland\",\"publisher\":{\"@id\":\"https:\/\/bedbythesea.com\/#organization\"},\"potentialAction\":[{\"@type\":\"SearchAction\",\"target\":{\"@type\":\"EntryPoint\",\"urlTemplate\":\"https:\/\/bedbythesea.com\/?s={search_term_string}\"},\"query-input\":{\"@type\":\"PropertyValueSpecification\",\"valueRequired\":true,\"valueName\":\"search_term_string\"}}],\"inLanguage\":\"de\"},{\"@type\":\"Organization\",\"@id\":\"https:\/\/bedbythesea.com\/#organization\",\"name\":\"Bed by the Sea\",\"url\":\"https:\/\/bedbythesea.com\/\",\"logo\":{\"@type\":\"ImageObject\",\"inLanguage\":\"de\",\"@id\":\"https:\/\/bedbythesea.com\/#\/schema\/logo\/image\/\",\"url\":\"\",\"contentUrl\":\"\",\"caption\":\"Bed by the Sea\"},\"image\":{\"@id\":\"https:\/\/bedbythesea.com\/#\/schema\/logo\/image\/\"}}]}<\/script>\n<!-- \/ Yoast SEO plugin. -->","yoast_head_json":{"title":"Contact - Bed by the Sea","robots":{"index":"index","follow":"follow","max-snippet":"max-snippet:-1","max-image-preview":"max-image-preview:large","max-video-preview":"max-video-preview:-1"},"canonical":"https:\/\/bedbythesea.com\/de\/contact\/","og_locale":"de_DE","og_type":"article","og_title":"Contact - Bed by the Sea","og_description":"Adres Markt 86 4361AG Westkapelle Openingstijden Geopend tijdens schoolvakanties en het hele hoogseizoen Stuur ons een bericht","og_url":"https:\/\/bedbythesea.com\/de\/contact\/","og_site_name":"Bed by the Sea","article_modified_time":"2024-04-30T14:17:13+00:00","og_image":[{"width":582,"height":154,"url":"https:\/\/bedbythesea.com\/wp-content\/uploads\/2024\/03\/logo.png","type":"image\/png"}],"twitter_card":"summary_large_image","twitter_misc":{"Gesch\u00e4tzte Lesezeit":"1\u00a0Minute"},"schema":{"@context":"https:\/\/schema.org","@graph":[{"@type":"WebPage","@id":"https:\/\/bedbythesea.com\/contact\/","url":"https:\/\/bedbythesea.com\/contact\/","name":"Contact - Bed by the Sea","isPartOf":{"@id":"https:\/\/bedbythesea.com\/#website"},"datePublished":"2015-07-23T23:26:14+00:00","dateModified":"2024-04-30T14:17:13+00:00","breadcrumb":{"@id":"https:\/\/bedbythesea.com\/contact\/#breadcrumb"},"inLanguage":"de","potentialAction":[{"@type":"ReadAction","target":["https:\/\/bedbythesea.com\/contact\/"]}]},{"@type":"BreadcrumbList","@id":"https:\/\/bedbythesea.com\/contact\/#breadcrumb","itemListElement":[{"@type":"ListItem","position":1,"name":"Home","item":"https:\/\/bedbythesea.com\/"},{"@type":"ListItem","position":2,"name":"Contact"}]},{"@type":"WebSite","@id":"https:\/\/bedbythesea.com\/#website","url":"https:\/\/bedbythesea.com\/","name":"Bed by the Sea","description":"Ferienunterk\u00fcnfte Zeeland","publisher":{"@id":"https:\/\/bedbythesea.com\/#organization"},"potentialAction":[{"@type":"SearchAction","target":{"@type":"EntryPoint","urlTemplate":"https:\/\/bedbythesea.com\/?s={search_term_string}"},"query-input":{"@type":"PropertyValueSpecification","valueRequired":true,"valueName":"search_term_string"}}],"inLanguage":"de"},{"@type":"Organization","@id":"https:\/\/bedbythesea.com\/#organization","name":"Bed by the Sea","url":"https:\/\/bedbythesea.com\/","logo":{"@type":"ImageObject","inLanguage":"de","@id":"https:\/\/bedbythesea.com\/#\/schema\/logo\/image\/","url":"","contentUrl":"","caption":"Bed by the Sea"},"image":{"@id":"https:\/\/bedbythesea.com\/#\/schema\/logo\/image\/"}}]}},"_links":{"self":[{"href":"https:\/\/bedbythesea.com\/de\/wp-json\/wp\/v2\/pages\/155","targetHints":{"allow":["GET"]}}],"collection":[{"href":"https:\/\/bedbythesea.com\/de\/wp-json\/wp\/v2\/pages"}],"about":[{"href":"https:\/\/bedbythesea.com\/de\/wp-json\/wp\/v2\/types\/page"}],"author":[{"embeddable":true,"href":"https:\/\/bedbythesea.com\/de\/wp-json\/wp\/v2\/users\/4"}],"replies":[{"embeddable":true,"href":"https:\/\/bedbythesea.com\/de\/wp-json\/wp\/v2\/comments?post=155"}],"version-history":[{"count":9,"href":"https:\/\/bedbythesea.com\/de\/wp-json\/wp\/v2\/pages\/155\/revisions"}],"predecessor-version":[{"id":4135,"href":"https:\/\/bedbythesea.com\/de\/wp-json\/wp\/v2\/pages\/155\/revisions\/4135"}],"wp:attachment":[{"href":"https:\/\/bedbythesea.com\/de\/wp-json\/wp\/v2\/media?parent=155"}],"curies":[{"name":"wp","href":"https:\/\/api.w.org\/{rel}","templated":true}]}}